{"id":938,"date":"2022-11-03T07:44:04","date_gmt":"2022-11-03T07:44:04","guid":{"rendered":"https:\/\/vdocyclecomputer.com\/product\/r1-wr-wl\/"},"modified":"2022-12-05T07:54:52","modified_gmt":"2022-12-05T07:54:52","slug":"r1-wr-wl","status":"publish","type":"product","link":"https:\/\/vdocyclecomputer.com\/de\/product\/r1-wr-wl\/","title":{"rendered":"R1 WR\/WL"},"content":{"rendered":"\n<section class=\"wp-block-custom-container alignwide block-content\"><style>.block-content--spacing-top{padding-top:3.5rem}@media (min-width: 768px){.block-content--spacing-top{padding-top:8rem}}.block-content--spacing-bottom{padding-bottom:3.5rem}@media (min-width: 768px){.block-content--spacing-bottom{padding-bottom:8rem}}.block-content--margin-top{margin-top:4.8rem}@media (min-width: 768px){.block-content--margin-top{margin-top:8rem}}.block-content--margin-bottom{margin-bottom:4.8rem}@media (min-width: 768px){.block-content--margin-bottom{margin-bottom:8rem}}\n<\/style><div class=\"container container--wide\"><div class=\"container__body\"><style>.wp-block-spacer.is-style-responsive-large{height:10rem !important}@media (max-width: 991px){.wp-block-spacer.is-style-responsive-large{height:5rem !important}}@media (max-width: 767px){.wp-block-spacer.is-style-responsive-large{height:3rem !important}}.wp-block-spacer.is-style-responsive-medium{height:6rem !important}@media (max-width: 991px){.wp-block-spacer.is-style-responsive-medium{height:4rem !important}}@media (max-width: 767px){.wp-block-spacer.is-style-responsive-medium{height:2rem !important}}.wp-block-spacer.is-style-responsive-small{height:3rem !important}@media (max-width: 991px){.wp-block-spacer.is-style-responsive-small{height:2rem !important}}@media (max-width: 767px){.wp-block-spacer.is-style-responsive-small{height:1rem !important}}\n<\/style>\n<div style=\"height:50px\" aria-hidden=\"true\" class=\"wp-block-spacer is-style-responsive-large\"><\/div>\n\n\n\n<div class=\"wp-block-custom-columns columns-row row\"><style>.columns-row--spacing-top{padding-top:3.5rem}@media (min-width: 768px){.columns-row--spacing-top{padding-top:8rem}}.columns-row--spacing-bottom{padding-bottom:3.5rem}@media (min-width: 768px){.columns-row--spacing-bottom{padding-bottom:8rem}}.columns-row--margin-top{margin-top:4.8rem}@media (min-width: 768px){.columns-row--margin-top{margin-top:8rem}}.columns-row--margin-bottom{margin-bottom:4.8rem}@media (min-width: 768px){.columns-row--margin-bottom{margin-bottom:8rem}}\n<\/style>\n<div class=\"wp-block-custom-column col col-12 col-xl-6\">\n<div style=\"height:100px\" aria-hidden=\"true\" class=\"wp-block-spacer is-style-responsive-medium\"><\/div>\n\n\n\n<h2 class=\"has-text-align-left has-color-4-color has-text-color\"><strong>die wesentlichen funtkionen<\/strong><\/h2>\n\n\n\n<ul><li>Aktuelle Geschwindigkeit<\/li><li>Distanz<\/li><li>Fahrzeit<\/li><li>Gesamtdistanz<\/li><li>Uhrzeit<\/li><li>Automatischer Start \/ Stopp (nur R1 WR)<\/li><\/ul>\n<\/div>\n\n\n\n<div class=\"wp-block-custom-column col col-12 col-xl-6\"><style>.wp-block-image{margin-bottom:0}@media screen and (min-width: 993px){body:not(.wp-admin) .wp-block-image.editorskit-no-desktop{display:none}}@media screen and (min-width: 600px) and (max-width: 992px){body:not(.wp-admin) .wp-block-image.editorskit-no-tablet{display:none}}@media screen and (max-width: 599px){body:not(.wp-admin) .wp-block-image.editorskit-no-mobile{display:none}}@media screen and (max-width: 768px) and (min-width: 737px){body:not(.wp-admin) .blockopts-hide.blockopts-tablet,body:not(.wp-admin) .editorskit-no-tablet{display:inherit}}@media screen and (max-width: 736px){body:not(.wp-admin) .blockopts-hide.blockopts-mobile,body:not(.wp-admin) .editorskit-no-mobile{display:inherit}}@media screen and (min-width: 769px){body:not(.wp-admin) .blockopts-hide.blockopts-desktop,body:not(.wp-admin) .editorskit-no-desktop{display:inherit}}\n<\/style>\n<div class=\"wp-block-image\"><figure class=\"aligncenter size-full\"><img loading=\"lazy\" width=\"597\" height=\"508\" src=\"https:\/\/vdocyclecomputer.com\/wp-content\/uploads\/2022\/11\/vdo-r1-die-wesentlichen-funktionen.jpg\" alt=\"\" class=\"wp-image-599\" srcset=\"https:\/\/vdocyclecomputer.com\/wp-content\/uploads\/2022\/11\/vdo-r1-die-wesentlichen-funktionen.jpg 597w, https:\/\/vdocyclecomputer.com\/wp-content\/uploads\/2022\/11\/vdo-r1-die-wesentlichen-funktionen-300x255.jpg 300w, https:\/\/vdocyclecomputer.com\/wp-content\/uploads\/2022\/11\/vdo-r1-die-wesentlichen-funktionen-262x223.jpg 262w, https:\/\/vdocyclecomputer.com\/wp-content\/uploads\/2022\/11\/vdo-r1-die-wesentlichen-funktionen-397x338.jpg 397w\" sizes=\"(max-width: 597px) 100vw, 597px\" \/><\/figure><\/div>\n<\/div>\n<\/div>\n\n\n\n<div style=\"height:50px\" aria-hidden=\"true\" class=\"wp-block-spacer is-style-responsive-large\"><\/div>\n<\/div><\/div><\/section>\n\n\n\n<section class=\"wp-block-custom-container alignwide block-content has-color-2-background-color\"><div class=\"container container--wide\"><div class=\"container__body\">\n<div style=\"height:50px\" aria-hidden=\"true\" class=\"wp-block-spacer is-style-responsive-large\"><\/div>\n\n\n\n<h2 class=\"has-color-4-color has-text-color\">Daten\u00fcbertragung<\/h2>\n\n\n\n<div class=\"wp-block-custom-columns columns-row row\">\n<div class=\"wp-block-custom-column col col-12 col-xl-6\">\n<div class=\"wp-block-image\"><figure class=\"aligncenter size-full\"><img loading=\"lazy\" width=\"728\" height=\"323\" src=\"https:\/\/vdocyclecomputer.com\/wp-content\/uploads\/2022\/11\/vdo-r1-wr-wired.png\" alt=\"\" class=\"wp-image-601\" srcset=\"https:\/\/vdocyclecomputer.com\/wp-content\/uploads\/2022\/11\/vdo-r1-wr-wired.png 728w, https:\/\/vdocyclecomputer.com\/wp-content\/uploads\/2022\/11\/vdo-r1-wr-wired-300x133.png 300w, https:\/\/vdocyclecomputer.com\/wp-content\/uploads\/2022\/11\/vdo-r1-wr-wired-262x116.png 262w, https:\/\/vdocyclecomputer.com\/wp-content\/uploads\/2022\/11\/vdo-r1-wr-wired-600x266.png 600w\" sizes=\"(max-width: 728px) 100vw, 728px\" \/><\/figure><\/div>\n\n\n\n<h2 class=\"has-secondary-color has-text-color\">R1 wr<\/h2>\n\n\n\n<p>Durch die direkte Kabelverbindung des Tachos zum Sender l\u00e4uft die Geschwindigkeitsmessung reibungslos. Eine Batterie zur Funk\u00fcbertragung ist beim R1 WR \u00fcberfl\u00fcssig und dein Fahrrad Computer f\u00e4hrt jahrelang, ohne dass du dich um den Austausch einer Batterie k\u00fcmmern musst.<\/p>\n<\/div>\n\n\n\n<div class=\"wp-block-custom-column col col-12 col-xl-6\">\n<div class=\"wp-block-image\"><figure class=\"aligncenter size-full\"><img loading=\"lazy\" width=\"728\" height=\"323\" src=\"https:\/\/vdocyclecomputer.com\/wp-content\/uploads\/2022\/12\/vdo-r1-wl-wireless.png\" alt=\"\" class=\"wp-image-1076\" srcset=\"https:\/\/vdocyclecomputer.com\/wp-content\/uploads\/2022\/12\/vdo-r1-wl-wireless.png 728w, https:\/\/vdocyclecomputer.com\/wp-content\/uploads\/2022\/12\/vdo-r1-wl-wireless-300x133.png 300w, https:\/\/vdocyclecomputer.com\/wp-content\/uploads\/2022\/12\/vdo-r1-wl-wireless-262x116.png 262w, https:\/\/vdocyclecomputer.com\/wp-content\/uploads\/2022\/12\/vdo-r1-wl-wireless-600x266.png 600w\" sizes=\"(max-width: 728px) 100vw, 728px\" \/><\/figure><\/div>\n\n\n\n<h2 class=\"has-text-align-left has-secondary-color has-text-color\"><strong>R1 wl<\/strong><\/h2>\n\n\n\n<p>Du magst es lieber kabellos? Kein Problem: Durch die wireless (WL) codierte Funk\u00fcbertragung werden keine Kabel mehr ben\u00f6tigt. Ein an der Gabel befestigter Funksender \u00fcbertr\u00e4gt permanent die am Rad gemessene Geschwindigkeit an den Empf\u00e4nger des R1 WL.<\/p>\n<\/div>\n<\/div>\n\n\n\n<div style=\"height:50px\" aria-hidden=\"true\" class=\"wp-block-spacer is-style-responsive-large\"><\/div>\n<\/div><\/div><\/section>\n\n\n\n<div class=\"wp-block-cover has-background-dim-30 has-background-dim\"><img loading=\"lazy\" width=\"1920\" height=\"640\" class=\"wp-block-cover__image-background wp-image-376\" alt=\"\" src=\"https:\/\/vdocyclecomputer.com\/wp-content\/uploads\/2022\/10\/vdo-r-serie-holz-hintergrund-1.jpg\" data-object-fit=\"cover\" srcset=\"https:\/\/vdocyclecomputer.com\/wp-content\/uploads\/2022\/10\/vdo-r-serie-holz-hintergrund-1.jpg 1920w, https:\/\/vdocyclecomputer.com\/wp-content\/uploads\/2022\/10\/vdo-r-serie-holz-hintergrund-1-300x100.jpg 300w, https:\/\/vdocyclecomputer.com\/wp-content\/uploads\/2022\/10\/vdo-r-serie-holz-hintergrund-1-1024x341.jpg 1024w, https:\/\/vdocyclecomputer.com\/wp-content\/uploads\/2022\/10\/vdo-r-serie-holz-hintergrund-1-768x256.jpg 768w, https:\/\/vdocyclecomputer.com\/wp-content\/uploads\/2022\/10\/vdo-r-serie-holz-hintergrund-1-1536x512.jpg 1536w, https:\/\/vdocyclecomputer.com\/wp-content\/uploads\/2022\/10\/vdo-r-serie-holz-hintergrund-1-262x87.jpg 262w, https:\/\/vdocyclecomputer.com\/wp-content\/uploads\/2022\/10\/vdo-r-serie-holz-hintergrund-1-1014x338.jpg 1014w, https:\/\/vdocyclecomputer.com\/wp-content\/uploads\/2022\/10\/vdo-r-serie-holz-hintergrund-1-600x200.jpg 600w\" sizes=\"(max-width: 1920px) 100vw, 1920px\" \/><div class=\"wp-block-cover__inner-container\">\n<p class=\"has-text-align-center has-large-font-size\"><\/p>\n\n\n\n<section class=\"wp-block-custom-container alignwide block-content\"><div class=\"container container--wide\"><div class=\"container__body\">\n<div style=\"height:100px\" aria-hidden=\"true\" class=\"wp-block-spacer is-style-responsive-small\"><\/div>\n\n\n\n<div class=\"wp-block-custom-columns columns-row row\">\n<div class=\"wp-block-custom-column col col-6\">\n<h2 class=\"has-secondary-color has-text-color\">kompakt und doch mit platz <\/h2>\n\n\n\n<p class=\"has-text-light-color has-text-color\">Keep it simple: Das Display des R1 bietet auf 27 x 35 mm reichlich Platz, um deine aktuelle Geschwindigkeit permanent anzuzeigen und dazu die weiteren wichtigen Funktionen gut sichtbar darzustellen.<\/p>\n\n\n\n<p class=\"has-text-light-color has-text-color\">Die Anzeige ist einfach gehalten: mit vier verschiedenen Symbolen ist stets zu erkennen, welche Funktion in der untersten Zeile ausgew\u00e4hlt ist. Die Icons machen den Radcomputer kinderleicht ablesbar.<\/p>\n<\/div>\n\n\n\n<div class=\"wp-block-custom-column col col-6\">\n<div class=\"wp-block-image\"><figure class=\"aligncenter size-full is-resized\"><img loading=\"lazy\" src=\"https:\/\/vdocyclecomputer.com\/wp-content\/uploads\/2022\/11\/r1-wr-wl-gif-de.gif\" alt=\"\" class=\"wp-image-1031\" width=\"648\" height=\"299\"\/><\/figure><\/div>\n<\/div>\n<\/div>\n\n\n\n<div style=\"height:100px\" aria-hidden=\"true\" class=\"wp-block-spacer is-style-responsive-small\"><\/div>\n<\/div><\/div><\/section>\n<\/div><\/div>\n\n\n\n<section class=\"wp-block-custom-container alignwide block-content\"><div class=\"container container--wide\"><div class=\"container__body\">\n<div style=\"height:50px\" aria-hidden=\"true\" class=\"wp-block-spacer is-style-responsive-large\"><\/div>\n\n\n\n<h2 class=\"has-color-4-color has-text-color\">montage mit kabelbindern<\/h2>\n\n\n\n<div style=\"height:20px\" aria-hidden=\"true\" class=\"wp-block-spacer is-style-responsive-small\"><\/div>\n\n\n\n<div class=\"wp-block-custom-columns columns-row row\">\n<div class=\"wp-block-custom-column col col-12 col-md-12 col-lg-6 col-xl-6\">\n<figure class=\"wp-block-image size-full\"><img loading=\"lazy\" width=\"886\" height=\"435\" src=\"https:\/\/vdocyclecomputer.com\/wp-content\/uploads\/2022\/11\/vdo-r-serie-wr-sender.jpg\" alt=\"\" class=\"wp-image-607\" srcset=\"https:\/\/vdocyclecomputer.com\/wp-content\/uploads\/2022\/11\/vdo-r-serie-wr-sender.jpg 886w, https:\/\/vdocyclecomputer.com\/wp-content\/uploads\/2022\/11\/vdo-r-serie-wr-sender-300x147.jpg 300w, https:\/\/vdocyclecomputer.com\/wp-content\/uploads\/2022\/11\/vdo-r-serie-wr-sender-768x377.jpg 768w, https:\/\/vdocyclecomputer.com\/wp-content\/uploads\/2022\/11\/vdo-r-serie-wr-sender-262x129.jpg 262w, https:\/\/vdocyclecomputer.com\/wp-content\/uploads\/2022\/11\/vdo-r-serie-wr-sender-688x338.jpg 688w, https:\/\/vdocyclecomputer.com\/wp-content\/uploads\/2022\/11\/vdo-r-serie-wr-sender-600x295.jpg 600w\" sizes=\"(max-width: 886px) 100vw, 886px\" \/><\/figure>\n\n\n\n<div style=\"height:10px\" aria-hidden=\"true\" class=\"wp-block-spacer is-style-responsive-small\"><\/div>\n\n\n\n<h3 class=\"has-secondary-color has-text-color\">r1 wr<\/h3>\n\n\n\n<p>Schneller am Rad geht es kaum: Mit den Kabelbindern hast du die Lenkerhalterung f\u00fcr den R1 WR und den Geschwindigkeitssender fix angebracht. Der Bike-Computer ist stets bequem abnehmbar und verstaubar.<\/p>\n\n\n\n<div style=\"height:50px\" aria-hidden=\"true\" class=\"wp-block-spacer is-style-responsive-small\"><\/div>\n<\/div>\n\n\n\n<div class=\"wp-block-custom-column col col-12 col-md-12 col-lg-6 col-xl-6\">\n<figure class=\"wp-block-image size-full\"><img loading=\"lazy\" width=\"888\" height=\"435\" src=\"https:\/\/vdocyclecomputer.com\/wp-content\/uploads\/2022\/11\/vdo-r-serie-wl-sender.jpg\" alt=\"\" class=\"wp-image-609\" srcset=\"https:\/\/vdocyclecomputer.com\/wp-content\/uploads\/2022\/11\/vdo-r-serie-wl-sender.jpg 888w, https:\/\/vdocyclecomputer.com\/wp-content\/uploads\/2022\/11\/vdo-r-serie-wl-sender-300x147.jpg 300w, https:\/\/vdocyclecomputer.com\/wp-content\/uploads\/2022\/11\/vdo-r-serie-wl-sender-768x376.jpg 768w, https:\/\/vdocyclecomputer.com\/wp-content\/uploads\/2022\/11\/vdo-r-serie-wl-sender-262x128.jpg 262w, https:\/\/vdocyclecomputer.com\/wp-content\/uploads\/2022\/11\/vdo-r-serie-wl-sender-690x338.jpg 690w, https:\/\/vdocyclecomputer.com\/wp-content\/uploads\/2022\/11\/vdo-r-serie-wl-sender-600x294.jpg 600w\" sizes=\"(max-width: 888px) 100vw, 888px\" \/><\/figure>\n\n\n\n<div style=\"height:10px\" aria-hidden=\"true\" class=\"wp-block-spacer is-style-responsive-small\"><\/div>\n\n\n\n<h3 class=\"has-secondary-color has-text-color\">r1 wl<\/h3>\n\n\n\n<p>Schneller am Rad geht es kaum: Mit den Kabelbindern hast du die Lenkerhalterung f\u00fcr den R1 WL und den Geschwindigkeitssender fix angebracht. Der Bike-Computer ist stets bequem abnehmbar und verstaubar.<\/p>\n<\/div>\n<\/div>\n\n\n\n<div style=\"height:50px\" aria-hidden=\"true\" class=\"wp-block-spacer is-style-responsive-medium\"><\/div>\n<\/div><\/div><\/section>\n\n\n\n<div class=\"wp-block-cover alignfull undefined has-tablet-image has-mobile-image\"><img loading=\"lazy\" width=\"1920\" height=\"437\" class=\"wp-block-cover__image-background wp-image-611\" alt=\"\" src=\"https:\/\/vdocyclecomputer.com\/wp-content\/uploads\/2022\/11\/vdo-r1-einfach-bedienen.jpg\" data-object-fit=\"cover\" srcset=\"https:\/\/vdocyclecomputer.com\/wp-content\/uploads\/2022\/11\/vdo-r1-einfach-bedienen.jpg 1920w, https:\/\/vdocyclecomputer.com\/wp-content\/uploads\/2022\/11\/vdo-r1-einfach-bedienen-300x68.jpg 300w, https:\/\/vdocyclecomputer.com\/wp-content\/uploads\/2022\/11\/vdo-r1-einfach-bedienen-1024x233.jpg 1024w, https:\/\/vdocyclecomputer.com\/wp-content\/uploads\/2022\/11\/vdo-r1-einfach-bedienen-768x175.jpg 768w, https:\/\/vdocyclecomputer.com\/wp-content\/uploads\/2022\/11\/vdo-r1-einfach-bedienen-1536x350.jpg 1536w, https:\/\/vdocyclecomputer.com\/wp-content\/uploads\/2022\/11\/vdo-r1-einfach-bedienen-262x60.jpg 262w, https:\/\/vdocyclecomputer.com\/wp-content\/uploads\/2022\/11\/vdo-r1-einfach-bedienen-1485x338.jpg 1485w, https:\/\/vdocyclecomputer.com\/wp-content\/uploads\/2022\/11\/vdo-r1-einfach-bedienen-600x137.jpg 600w\" sizes=\"(max-width: 1920px) 100vw, 1920px\" \/><div class=\"wp-block-cover__inner-container\">\n<div style=\"height:40px\" aria-hidden=\"true\" class=\"wp-block-spacer is-style-responsive-large\"><\/div>\n\n\n\n<div class=\"wp-block-custom-columns columns-row row\"><\/div>\n\n\n\n<section class=\"wp-block-custom-container alignwide block-content\"><div class=\"container container--wide\"><div class=\"container__body\">\n<div class=\"wp-block-custom-columns columns-row row sigma-light-modi-width-80\">\n<div class=\"wp-block-custom-column col col-12 offset-lg-0 offset-xl-0\"><\/div>\n\n\n\n<div class=\"wp-block-custom-column col col-12 col-md-12 col-lg-3 col-xl-5 offset-0 offset-md-0 offset-lg-0 offset-xl-0\"><\/div>\n\n\n\n<div class=\"wp-block-custom-column col col-12 col-md-12 col-lg-9 col-xl-7 offset-0 offset-md-0 offset-lg-0 offset-xl-0\">\n<h2>Einfach bedienen<\/h2>\n\n\n\n<p>Einfacher geht\u2019s nicht: Der R1 l\u00e4sst sich dank seiner gro\u00dfen Taste auch w\u00e4hrend der Fahrt sicher bedienen. Ganz leicht kannst du so zwischen den einzelnen Funktionen w\u00e4hlen. In Kombination mit dem gr\u00f6\u00dferen Display wird die Ergonomie so auf ein neues Level gehoben.<\/p>\n<\/div>\n<\/div>\n<\/div><\/div><\/section>\n\n\n\n<div style=\"height:40px\" aria-hidden=\"true\" class=\"wp-block-spacer is-style-responsive-large\"><\/div>\n\n\n\n<p><\/p>\n<\/div><\/div>\n\n\n\n<section class=\"wp-block-custom-container alignwide block-content\"><div class=\"container container--wide\"><div class=\"container__body\">\n<div style=\"height:50px\" aria-hidden=\"true\" class=\"wp-block-spacer is-style-responsive-large\"><\/div>\n\n\n\n<div class=\"wp-block-custom-columns columns-row row\">\n<div class=\"wp-block-custom-column col col-12 col-xl-6\">\n<div class=\"wp-block-image\"><figure class=\"aligncenter size-full\"><img loading=\"lazy\" width=\"863\" height=\"397\" src=\"https:\/\/vdocyclecomputer.com\/wp-content\/uploads\/2022\/11\/vdo-r1-batterie.jpg\" alt=\"\" class=\"wp-image-613\" srcset=\"https:\/\/vdocyclecomputer.com\/wp-content\/uploads\/2022\/11\/vdo-r1-batterie.jpg 863w, https:\/\/vdocyclecomputer.com\/wp-content\/uploads\/2022\/11\/vdo-r1-batterie-300x138.jpg 300w, https:\/\/vdocyclecomputer.com\/wp-content\/uploads\/2022\/11\/vdo-r1-batterie-768x353.jpg 768w, https:\/\/vdocyclecomputer.com\/wp-content\/uploads\/2022\/11\/vdo-r1-batterie-262x121.jpg 262w, https:\/\/vdocyclecomputer.com\/wp-content\/uploads\/2022\/11\/vdo-r1-batterie-735x338.jpg 735w, https:\/\/vdocyclecomputer.com\/wp-content\/uploads\/2022\/11\/vdo-r1-batterie-600x276.jpg 600w\" sizes=\"(max-width: 863px) 100vw, 863px\" \/><\/figure><\/div>\n<\/div>\n\n\n\n<div class=\"wp-block-custom-column col col-12 col-xl-6\">\n<div style=\"height:50px\" aria-hidden=\"true\" class=\"wp-block-spacer is-style-responsive-small\"><\/div>\n\n\n\n<h2 class=\"has-text-align-left has-color-4-color has-text-color\"><strong>\u00fcber zwei jahre batterielaufzeit<\/strong><\/h2>\n\n\n\n<p>\u00dcber die Batterielaufzeit deines Bike Computers musst du dir keine Gedanken machen. Eine kleine Knopfbatterie (CR 2032) reicht aus, um deinen R1 deutlich \u00fcber zwei Jahre mit Energie zu versorgen. Nur ein Beispiel f\u00fcr die Zuverl\u00e4ssigkeit und Qualit\u00e4t der R-Serie!<\/p>\n\n\n\n<div style=\"height:50px\" aria-hidden=\"true\" class=\"wp-block-spacer is-style-responsive-small\"><\/div>\n<\/div>\n<\/div>\n\n\n\n<div style=\"height:50px\" aria-hidden=\"true\" class=\"wp-block-spacer is-style-responsive-large\"><\/div>\n<\/div><\/div><\/section>\n\n\n\n<section class=\"wp-block-custom-container alignwide block-content has-color-2-background-color has-color-8-background-color\"><div class=\"container container--wide\"><div class=\"container__body\">\n<div style=\"height:50px\" aria-hidden=\"true\" class=\"wp-block-spacer is-style-responsive-large\"><\/div>\n\n\n\n<div class=\"wp-block-custom-columns columns-row row\">\n<div class=\"wp-block-custom-column col col-12 col-md-12 col-lg-6 col-xl-6\">\n<figure class=\"wp-block-image size-full\"><img loading=\"lazy\" width=\"860\" height=\"470\" src=\"https:\/\/vdocyclecomputer.com\/wp-content\/uploads\/2022\/11\/vdo-r1-wetterfest.jpg\" alt=\"\" class=\"wp-image-615\" srcset=\"https:\/\/vdocyclecomputer.com\/wp-content\/uploads\/2022\/11\/vdo-r1-wetterfest.jpg 860w, https:\/\/vdocyclecomputer.com\/wp-content\/uploads\/2022\/11\/vdo-r1-wetterfest-300x164.jpg 300w, https:\/\/vdocyclecomputer.com\/wp-content\/uploads\/2022\/11\/vdo-r1-wetterfest-768x420.jpg 768w, https:\/\/vdocyclecomputer.com\/wp-content\/uploads\/2022\/11\/vdo-r1-wetterfest-262x143.jpg 262w, https:\/\/vdocyclecomputer.com\/wp-content\/uploads\/2022\/11\/vdo-r1-wetterfest-618x338.jpg 618w, https:\/\/vdocyclecomputer.com\/wp-content\/uploads\/2022\/11\/vdo-r1-wetterfest-600x328.jpg 600w\" sizes=\"(max-width: 860px) 100vw, 860px\" \/><\/figure>\n\n\n\n<div style=\"height:10px\" aria-hidden=\"true\" class=\"wp-block-spacer is-style-responsive-small\"><\/div>\n\n\n\n<h3 class=\"has-color-4-color has-text-color\">wetterfester partner<\/h3>\n\n\n\n<p>Egal bei welchem Wetter \u2013 der R1 liefert ab. Er ist wasserdicht und wetterbest\u00e4ndig und im Alltag immer zuverl\u00e4ssig einsetzbar.<br><\/p>\n\n\n\n<div style=\"height:50px\" aria-hidden=\"true\" class=\"wp-block-spacer is-style-responsive-small\"><\/div>\n<\/div>\n\n\n\n<div class=\"wp-block-custom-column col col-12 col-md-12 col-lg-6 col-xl-6\">\n<figure class=\"wp-block-image size-full\"><img loading=\"lazy\" width=\"860\" height=\"470\" src=\"https:\/\/vdocyclecomputer.com\/wp-content\/uploads\/2022\/11\/vdo-r1-reifengroesse.jpg\" alt=\"\" class=\"wp-image-617\" srcset=\"https:\/\/vdocyclecomputer.com\/wp-content\/uploads\/2022\/11\/vdo-r1-reifengroesse.jpg 860w, https:\/\/vdocyclecomputer.com\/wp-content\/uploads\/2022\/11\/vdo-r1-reifengroesse-300x164.jpg 300w, https:\/\/vdocyclecomputer.com\/wp-content\/uploads\/2022\/11\/vdo-r1-reifengroesse-768x420.jpg 768w, https:\/\/vdocyclecomputer.com\/wp-content\/uploads\/2022\/11\/vdo-r1-reifengroesse-262x143.jpg 262w, https:\/\/vdocyclecomputer.com\/wp-content\/uploads\/2022\/11\/vdo-r1-reifengroesse-618x338.jpg 618w, https:\/\/vdocyclecomputer.com\/wp-content\/uploads\/2022\/11\/vdo-r1-reifengroesse-600x328.jpg 600w\" sizes=\"(max-width: 860px) 100vw, 860px\" \/><\/figure>\n\n\n\n<div style=\"height:10px\" aria-hidden=\"true\" class=\"wp-block-spacer is-style-responsive-small\"><\/div>\n\n\n\n<h3 class=\"has-color-4-color has-text-color\">reifengr\u00f6ssen einfach ausw\u00e4hlen<\/h3>\n\n\n\n<p>Dank der vordefinierten Reifengr\u00f6\u00dfen gelingt die Einstellung des R1 m\u00fchelos \u2013 vom kleinen Kinderrad bis zum 29\u2018\u2018 Bike. M\u00f6glich ist aber auch, den Reifenumfang millimetergenau einzutragen.<\/p>\n<\/div>\n<\/div>\n\n\n\n<div style=\"height:50px\" aria-hidden=\"true\" class=\"wp-block-spacer is-style-responsive-medium\"><\/div>\n<\/div><\/div><\/section>\n\n\n\n<p><\/p>\n","protected":false},"excerpt":{"rendered":"","protected":false},"featured_media":622,"comment_status":"closed","ping_status":"closed","template":"","meta":[],"product_cat":[6476],"product_tag":[],"_links":{"self":[{"href":"https:\/\/vdocyclecomputer.com\/de\/wp-json\/wp\/v2\/product\/938"}],"collection":[{"href":"https:\/\/vdocyclecomputer.com\/de\/wp-json\/wp\/v2\/product"}],"about":[{"href":"https:\/\/vdocyclecomputer.com\/de\/wp-json\/wp\/v2\/types\/product"}],"replies":[{"embeddable":true,"href":"https:\/\/vdocyclecomputer.com\/de\/wp-json\/wp\/v2\/comments?post=938"}],"wp:featuredmedia":[{"embeddable":true,"href":"https:\/\/vdocyclecomputer.com\/de\/wp-json\/wp\/v2\/media\/622"}],"wp:attachment":[{"href":"https:\/\/vdocyclecomputer.com\/de\/wp-json\/wp\/v2\/media?parent=938"}],"wp:term":[{"taxonomy":"product_cat","embeddable":true,"href":"https:\/\/vdocyclecomputer.com\/de\/wp-json\/wp\/v2\/product_cat?post=938"},{"taxonomy":"product_tag","embeddable":true,"href":"https:\/\/vdocyclecomputer.com\/de\/wp-json\/wp\/v2\/product_tag?post=938"}],"curies":[{"name":"wp","href":"https:\/\/api.w.org\/{rel}","templated":true}]}}