{"id":952,"date":"2022-11-02T13:44:01","date_gmt":"2022-11-02T13:44:01","guid":{"rendered":"https:\/\/vdocyclecomputer.com\/product\/m30\/"},"modified":"2022-11-28T09:38:56","modified_gmt":"2022-11-28T09:38:56","slug":"m30","status":"publish","type":"product","link":"https:\/\/vdocyclecomputer.com\/de\/product\/m30\/","title":{"rendered":"M30"},"content":{"rendered":"\n<section class=\"wp-block-custom-container alignwide block-content\"><style>.block-content--spacing-top{padding-top:3.5rem}@media (min-width: 768px){.block-content--spacing-top{padding-top:8rem}}.block-content--spacing-bottom{padding-bottom:3.5rem}@media (min-width: 768px){.block-content--spacing-bottom{padding-bottom:8rem}}.block-content--margin-top{margin-top:4.8rem}@media (min-width: 768px){.block-content--margin-top{margin-top:8rem}}.block-content--margin-bottom{margin-bottom:4.8rem}@media (min-width: 768px){.block-content--margin-bottom{margin-bottom:8rem}}\n<\/style><div class=\"container container--wide\"><div class=\"container__body\"><style>.wp-block-spacer.is-style-responsive-large{height:10rem !important}@media (max-width: 991px){.wp-block-spacer.is-style-responsive-large{height:5rem !important}}@media (max-width: 767px){.wp-block-spacer.is-style-responsive-large{height:3rem !important}}.wp-block-spacer.is-style-responsive-medium{height:6rem !important}@media (max-width: 991px){.wp-block-spacer.is-style-responsive-medium{height:4rem !important}}@media (max-width: 767px){.wp-block-spacer.is-style-responsive-medium{height:2rem !important}}.wp-block-spacer.is-style-responsive-small{height:3rem !important}@media (max-width: 991px){.wp-block-spacer.is-style-responsive-small{height:2rem !important}}@media (max-width: 767px){.wp-block-spacer.is-style-responsive-small{height:1rem !important}}\n<\/style>\n<div style=\"height:50px\" aria-hidden=\"true\" class=\"wp-block-spacer is-style-responsive-large\"><\/div>\n\n\n<style>.wp-block-image{margin-bottom:0}@media screen and (min-width: 993px){body:not(.wp-admin) .wp-block-image.editorskit-no-desktop{display:none}}@media screen and (min-width: 600px) and (max-width: 992px){body:not(.wp-admin) .wp-block-image.editorskit-no-tablet{display:none}}@media screen and (max-width: 599px){body:not(.wp-admin) .wp-block-image.editorskit-no-mobile{display:none}}@media screen and (max-width: 768px) and (min-width: 737px){body:not(.wp-admin) .blockopts-hide.blockopts-tablet,body:not(.wp-admin) .editorskit-no-tablet{display:inherit}}@media screen and (max-width: 736px){body:not(.wp-admin) .blockopts-hide.blockopts-mobile,body:not(.wp-admin) .editorskit-no-mobile{display:inherit}}@media screen and (min-width: 769px){body:not(.wp-admin) .blockopts-hide.blockopts-desktop,body:not(.wp-admin) .editorskit-no-desktop{display:inherit}}\n<\/style>\n<div class=\"wp-block-image\"><figure class=\"aligncenter size-full is-resized\"><img loading=\"lazy\" src=\"https:\/\/vdocyclecomputer.com\/wp-content\/uploads\/2022\/10\/vdo-stvzo-icon.jpg\" alt=\"\" class=\"wp-image-450\" width=\"351\" height=\"132\" srcset=\"https:\/\/vdocyclecomputer.com\/wp-content\/uploads\/2022\/10\/vdo-stvzo-icon.jpg 468w, https:\/\/vdocyclecomputer.com\/wp-content\/uploads\/2022\/10\/vdo-stvzo-icon-300x113.jpg 300w, https:\/\/vdocyclecomputer.com\/wp-content\/uploads\/2022\/10\/vdo-stvzo-icon-262x99.jpg 262w\" sizes=\"(max-width: 351px) 100vw, 351px\" \/><\/figure><\/div>\n\n\n\n<div style=\"height:50px\" aria-hidden=\"true\" class=\"wp-block-spacer is-style-responsive-large\"><\/div>\n<\/div><\/div><\/section>\n\n\n\n<section class=\"wp-block-custom-container alignfull block-content\"><div class=\"container container--full\"><div class=\"container__body\">\n<section class=\"wp-block-custom-container alignfull block-content\"><div class=\"container container--full\"><div class=\"container__body\">\n<div class=\"wp-block-cover alignfull has-background-dim-60 has-color-12-background-color has-background-dim\"><img loading=\"lazy\" width=\"1920\" height=\"640\" class=\"wp-block-cover__image-background wp-image-376\" alt=\"\" src=\"https:\/\/vdocyclecomputer.com\/wp-content\/uploads\/2022\/10\/vdo-r-serie-holz-hintergrund-1.jpg\" data-object-fit=\"cover\" srcset=\"https:\/\/vdocyclecomputer.com\/wp-content\/uploads\/2022\/10\/vdo-r-serie-holz-hintergrund-1.jpg 1920w, https:\/\/vdocyclecomputer.com\/wp-content\/uploads\/2022\/10\/vdo-r-serie-holz-hintergrund-1-300x100.jpg 300w, https:\/\/vdocyclecomputer.com\/wp-content\/uploads\/2022\/10\/vdo-r-serie-holz-hintergrund-1-1024x341.jpg 1024w, https:\/\/vdocyclecomputer.com\/wp-content\/uploads\/2022\/10\/vdo-r-serie-holz-hintergrund-1-768x256.jpg 768w, https:\/\/vdocyclecomputer.com\/wp-content\/uploads\/2022\/10\/vdo-r-serie-holz-hintergrund-1-1536x512.jpg 1536w, https:\/\/vdocyclecomputer.com\/wp-content\/uploads\/2022\/10\/vdo-r-serie-holz-hintergrund-1-262x87.jpg 262w, https:\/\/vdocyclecomputer.com\/wp-content\/uploads\/2022\/10\/vdo-r-serie-holz-hintergrund-1-1014x338.jpg 1014w, https:\/\/vdocyclecomputer.com\/wp-content\/uploads\/2022\/10\/vdo-r-serie-holz-hintergrund-1-600x200.jpg 600w\" sizes=\"(max-width: 1920px) 100vw, 1920px\" \/><div class=\"wp-block-cover__inner-container\">\n<section class=\"wp-block-custom-container alignwide block-content\"><div class=\"container container--wide\"><div class=\"container__body\">\n<div class=\"wp-block-custom-columns columns-row row\"><style>.columns-row--spacing-top{padding-top:3.5rem}@media (min-width: 768px){.columns-row--spacing-top{padding-top:8rem}}.columns-row--spacing-bottom{padding-bottom:3.5rem}@media (min-width: 768px){.columns-row--spacing-bottom{padding-bottom:8rem}}.columns-row--margin-top{margin-top:4.8rem}@media (min-width: 768px){.columns-row--margin-top{margin-top:8rem}}.columns-row--margin-bottom{margin-bottom:4.8rem}@media (min-width: 768px){.columns-row--margin-bottom{margin-bottom:8rem}}\n<\/style>\n<div class=\"wp-block-custom-column col col-12 col-xl-12 offset-xl-0\">\n<div style=\"height:30px\" aria-hidden=\"true\" class=\"wp-block-spacer is-style-responsive-medium\"><\/div>\n\n\n\n<h2 class=\"has-text-align-center\">Vielseitiger EINSATZ<\/h2>\n\n\n\n<div style=\"height:10px\" aria-hidden=\"true\" class=\"wp-block-spacer is-style-responsive-small\"><\/div>\n\n\n\n<div class=\"wp-block-image\"><figure class=\"aligncenter size-full is-resized\"><img loading=\"lazy\" src=\"https:\/\/vdocyclecomputer.com\/wp-content\/uploads\/2022\/11\/vdo-m30-vielseitiger-einsatz-en.png\" alt=\"\" class=\"wp-image-594\" width=\"765\" height=\"224\" srcset=\"https:\/\/vdocyclecomputer.com\/wp-content\/uploads\/2022\/11\/vdo-m30-vielseitiger-einsatz-en.png 1020w, https:\/\/vdocyclecomputer.com\/wp-content\/uploads\/2022\/11\/vdo-m30-vielseitiger-einsatz-en-300x88.png 300w, https:\/\/vdocyclecomputer.com\/wp-content\/uploads\/2022\/11\/vdo-m30-vielseitiger-einsatz-en-768x224.png 768w, https:\/\/vdocyclecomputer.com\/wp-content\/uploads\/2022\/11\/vdo-m30-vielseitiger-einsatz-en-262x77.png 262w, https:\/\/vdocyclecomputer.com\/wp-content\/uploads\/2022\/11\/vdo-m30-vielseitiger-einsatz-en-600x175.png 600w\" sizes=\"(max-width: 765px) 100vw, 765px\" \/><\/figure><\/div>\n\n\n\n<div style=\"height:30px\" aria-hidden=\"true\" class=\"wp-block-spacer is-style-responsive-medium\"><\/div>\n<\/div>\n<\/div>\n<\/div><\/div><\/section>\n<\/div><\/div>\n<\/div><\/div><\/section>\n<\/div><\/div><\/section>\n\n\n\n<section class=\"wp-block-custom-container alignwide block-content\"><div class=\"container container--wide\"><div class=\"container__body\">\n<div style=\"height:50px\" aria-hidden=\"true\" class=\"wp-block-spacer is-style-responsive-large\"><\/div>\n\n\n\n<div class=\"wp-block-custom-columns columns-row row\">\n<div class=\"wp-block-custom-column col col-12 col-md-12 col-lg-6 col-xl-6 pd-r-0\">\n<div class=\"wp-block-image\"><figure class=\"aligncenter size-full\"><img loading=\"lazy\" width=\"788\" height=\"562\" src=\"https:\/\/vdocyclecomputer.com\/wp-content\/uploads\/2022\/11\/vdo-m30-akku-ladeindikator.jpg\" alt=\"\" class=\"wp-image-592\" srcset=\"https:\/\/vdocyclecomputer.com\/wp-content\/uploads\/2022\/11\/vdo-m30-akku-ladeindikator.jpg 788w, https:\/\/vdocyclecomputer.com\/wp-content\/uploads\/2022\/11\/vdo-m30-akku-ladeindikator-300x214.jpg 300w, https:\/\/vdocyclecomputer.com\/wp-content\/uploads\/2022\/11\/vdo-m30-akku-ladeindikator-768x548.jpg 768w, https:\/\/vdocyclecomputer.com\/wp-content\/uploads\/2022\/11\/vdo-m30-akku-ladeindikator-380x271.jpg 380w, https:\/\/vdocyclecomputer.com\/wp-content\/uploads\/2022\/11\/vdo-m30-akku-ladeindikator-718x512.jpg 718w, https:\/\/vdocyclecomputer.com\/wp-content\/uploads\/2022\/11\/vdo-m30-akku-ladeindikator-262x187.jpg 262w, https:\/\/vdocyclecomputer.com\/wp-content\/uploads\/2022\/11\/vdo-m30-akku-ladeindikator-474x338.jpg 474w, https:\/\/vdocyclecomputer.com\/wp-content\/uploads\/2022\/11\/vdo-m30-akku-ladeindikator-600x428.jpg 600w\" sizes=\"(max-width: 788px) 100vw, 788px\" \/><\/figure><\/div>\n<\/div>\n\n\n\n<div class=\"wp-block-custom-column col col-12 col-md-12 col-lg-6 col-xl-6\">\n<div style=\"height:25px\" aria-hidden=\"true\" class=\"wp-block-spacer is-style-responsive-medium\"><\/div>\n\n\n\n<h2 class=\"has-color-4-color has-text-color\">Akku- und Ladeindikator<\/h2>\n\n\n\n<p>Der Bedienknopf hat nicht nur die Funktion des Ein- und Ausschaltens sowie Moduswechsels, sondern zeigt gleichzeitig den Akkuzustand an. Ist das Ger\u00e4t nur noch 30 % oder weniger geladen, leuchtet die LED rot und muss geladen werden. W\u00e4hrend des Ladevorgangs leuchtet der Indikator gr\u00fcn und erlischt sobald das Ger\u00e4t vollst\u00e4ndig geladen ist.<\/p>\n\n\n\n<div style=\"height:10px\" aria-hidden=\"true\" class=\"wp-block-spacer is-style-responsive-small\"><\/div>\n<\/div>\n<\/div>\n\n\n\n<div style=\"height:50px\" aria-hidden=\"true\" class=\"wp-block-spacer is-style-responsive-large\"><\/div>\n<\/div><\/div><\/section>\n\n\n\n<section class=\"wp-block-custom-container alignfull block-content has-color-2-background-color\"><div class=\"container container--full\"><div class=\"container__body\">\n<section class=\"wp-block-custom-container alignwide block-content\"><div class=\"container container--wide\"><div class=\"container__body\">\n<div style=\"height:50px\" aria-hidden=\"true\" class=\"wp-block-spacer\"><\/div>\n\n\n\n<figure class=\"wp-block-image alignwide size-full sigma-img-cover-h300-mobil sigma-img-cover-pos50-mobil\"><img loading=\"lazy\" width=\"1770\" height=\"1038\" src=\"https:\/\/vdocyclecomputer.com\/wp-content\/uploads\/2022\/11\/vdo-m30-beleuchtungsvergleich.jpg\" alt=\"\" class=\"wp-image-590\" srcset=\"https:\/\/vdocyclecomputer.com\/wp-content\/uploads\/2022\/11\/vdo-m30-beleuchtungsvergleich.jpg 1770w, https:\/\/vdocyclecomputer.com\/wp-content\/uploads\/2022\/11\/vdo-m30-beleuchtungsvergleich-300x176.jpg 300w, https:\/\/vdocyclecomputer.com\/wp-content\/uploads\/2022\/11\/vdo-m30-beleuchtungsvergleich-1024x601.jpg 1024w, https:\/\/vdocyclecomputer.com\/wp-content\/uploads\/2022\/11\/vdo-m30-beleuchtungsvergleich-768x450.jpg 768w, https:\/\/vdocyclecomputer.com\/wp-content\/uploads\/2022\/11\/vdo-m30-beleuchtungsvergleich-1536x901.jpg 1536w, https:\/\/vdocyclecomputer.com\/wp-content\/uploads\/2022\/11\/vdo-m30-beleuchtungsvergleich-873x512.jpg 873w, https:\/\/vdocyclecomputer.com\/wp-content\/uploads\/2022\/11\/vdo-m30-beleuchtungsvergleich-1364x800.jpg 1364w, https:\/\/vdocyclecomputer.com\/wp-content\/uploads\/2022\/11\/vdo-m30-beleuchtungsvergleich-262x154.jpg 262w, https:\/\/vdocyclecomputer.com\/wp-content\/uploads\/2022\/11\/vdo-m30-beleuchtungsvergleich-576x338.jpg 576w, https:\/\/vdocyclecomputer.com\/wp-content\/uploads\/2022\/11\/vdo-m30-beleuchtungsvergleich-600x352.jpg 600w\" sizes=\"(max-width: 1770px) 100vw, 1770px\" \/><\/figure>\n<\/div><\/div><\/section>\n\n\n\n<div style=\"height:50px\" aria-hidden=\"true\" class=\"wp-block-spacer is-style-responsive-large\"><\/div>\n<\/div><\/div><\/section>\n\n\n\n<section class=\"wp-block-custom-container alignfull block-content\"><div class=\"container container--full\"><div class=\"container__body\"><\/div><\/div><\/section>\n\n\n\n<section class=\"wp-block-custom-container alignwide block-content\"><div class=\"container container--wide\"><div class=\"container__body\">\n<div style=\"height:50px\" aria-hidden=\"true\" class=\"wp-block-spacer is-style-responsive-large\"><\/div>\n\n\n\n<div class=\"wp-block-custom-columns columns-row row\">\n<div class=\"wp-block-custom-column col col-12 col-md-12 col-lg-6 col-xl-6\">\n<div style=\"height:25px\" aria-hidden=\"true\" class=\"wp-block-spacer is-style-responsive-medium\"><\/div>\n\n\n\n<h2 class=\"has-color-4-color has-text-color\">USB-LADEF\u00c4HIGKEIT<\/h2>\n\n\n\n<p>Die ECO LIGHT M30 ist mit einem integrierten Lithium-Ionen-Akku ausgestattet, der per mitgelieferten Micro-USB-Kabel innerhalb von 3 h vollst\u00e4ndig geladen wird. Daf\u00fcr verbindet man das Kabel mit der Micro-USB-Buchse sowie einem PC oder Ladeger\u00e4t (nicht inklusive).<\/p>\n\n\n\n<div style=\"height:10px\" aria-hidden=\"true\" class=\"wp-block-spacer is-style-responsive-small\"><\/div>\n<\/div>\n\n\n\n<div class=\"wp-block-custom-column col col-12 col-md-12 col-lg-6 col-xl-6 pd-r-0\">\n<figure class=\"wp-block-image size-full\"><img loading=\"lazy\" width=\"883\" height=\"495\" src=\"https:\/\/vdocyclecomputer.com\/wp-content\/uploads\/2022\/11\/vdo-m30-aufladen.jpg\" alt=\"\" class=\"wp-image-588\" srcset=\"https:\/\/vdocyclecomputer.com\/wp-content\/uploads\/2022\/11\/vdo-m30-aufladen.jpg 883w, https:\/\/vdocyclecomputer.com\/wp-content\/uploads\/2022\/11\/vdo-m30-aufladen-300x168.jpg 300w, https:\/\/vdocyclecomputer.com\/wp-content\/uploads\/2022\/11\/vdo-m30-aufladen-768x431.jpg 768w, https:\/\/vdocyclecomputer.com\/wp-content\/uploads\/2022\/11\/vdo-m30-aufladen-650x365.jpg 650w, https:\/\/vdocyclecomputer.com\/wp-content\/uploads\/2022\/11\/vdo-m30-aufladen-262x147.jpg 262w, https:\/\/vdocyclecomputer.com\/wp-content\/uploads\/2022\/11\/vdo-m30-aufladen-603x338.jpg 603w, https:\/\/vdocyclecomputer.com\/wp-content\/uploads\/2022\/11\/vdo-m30-aufladen-600x336.jpg 600w\" sizes=\"(max-width: 883px) 100vw, 883px\" \/><\/figure>\n<\/div>\n<\/div>\n\n\n\n<div style=\"height:50px\" aria-hidden=\"true\" class=\"wp-block-spacer is-style-responsive-large\"><\/div>\n<\/div><\/div><\/section>\n\n\n\n<section class=\"wp-block-custom-container alignfull block-content\"><div class=\"container container--full\"><div class=\"container__body\"><\/div><\/div><\/section>\n\n\n\n<section class=\"wp-block-custom-container alignfull block-content\"><div class=\"container container--full\"><div class=\"container__body\">\n<section class=\"wp-block-custom-container alignfull block-content\"><div class=\"container container--full\"><div class=\"container__body\">\n<div class=\"wp-block-cover alignfull has-color-12-background-color\"><img loading=\"lazy\" width=\"1920\" height=\"596\" class=\"wp-block-cover__image-background wp-image-586\" alt=\"\" src=\"https:\/\/vdocyclecomputer.com\/wp-content\/uploads\/2022\/11\/vdo-m30-seitlichte-sichtbarkeit.jpg\" data-object-fit=\"cover\" srcset=\"https:\/\/vdocyclecomputer.com\/wp-content\/uploads\/2022\/11\/vdo-m30-seitlichte-sichtbarkeit.jpg 1920w, https:\/\/vdocyclecomputer.com\/wp-content\/uploads\/2022\/11\/vdo-m30-seitlichte-sichtbarkeit-300x93.jpg 300w, https:\/\/vdocyclecomputer.com\/wp-content\/uploads\/2022\/11\/vdo-m30-seitlichte-sichtbarkeit-1024x318.jpg 1024w, https:\/\/vdocyclecomputer.com\/wp-content\/uploads\/2022\/11\/vdo-m30-seitlichte-sichtbarkeit-768x238.jpg 768w, https:\/\/vdocyclecomputer.com\/wp-content\/uploads\/2022\/11\/vdo-m30-seitlichte-sichtbarkeit-1536x477.jpg 1536w, https:\/\/vdocyclecomputer.com\/wp-content\/uploads\/2022\/11\/vdo-m30-seitlichte-sichtbarkeit-1649x512.jpg 1649w, https:\/\/vdocyclecomputer.com\/wp-content\/uploads\/2022\/11\/vdo-m30-seitlichte-sichtbarkeit-262x81.jpg 262w, https:\/\/vdocyclecomputer.com\/wp-content\/uploads\/2022\/11\/vdo-m30-seitlichte-sichtbarkeit-1089x338.jpg 1089w, https:\/\/vdocyclecomputer.com\/wp-content\/uploads\/2022\/11\/vdo-m30-seitlichte-sichtbarkeit-600x186.jpg 600w\" sizes=\"(max-width: 1920px) 100vw, 1920px\" \/><div class=\"wp-block-cover__inner-container\">\n<section class=\"wp-block-custom-container alignwide block-content\"><div class=\"container container--wide\"><div class=\"container__body\">\n<div class=\"wp-block-custom-columns columns-row row\">\n<div class=\"wp-block-custom-column col col-12 col-xl-5 offset-xl-0\">\n<div style=\"height:30px\" aria-hidden=\"true\" class=\"wp-block-spacer is-style-responsive-medium\"><\/div>\n\n\n\n<h2 class=\"has-secondary-color has-text-color\">Seitliche Sichtbarkeit<\/h2>\n\n\n\n<p>Die ECO LIGHT M30 ist so gestaltet, dass sie f\u00fcr gute Sichtbarkeit im Stra\u00dfenverkehr sorgt.<\/p>\n\n\n\n<div style=\"height:30px\" aria-hidden=\"true\" class=\"wp-block-spacer is-style-responsive-medium\"><\/div>\n<\/div>\n<\/div>\n<\/div><\/div><\/section>\n<\/div><\/div>\n<\/div><\/div><\/section>\n<\/div><\/div><\/section>\n\n\n\n<section class=\"wp-block-custom-container alignwide block-content\"><div class=\"container container--wide\"><div class=\"container__body\">\n<div style=\"height:100px\" aria-hidden=\"true\" class=\"wp-block-spacer is-style-responsive-large\"><\/div>\n\n\n<style>.wp-block-media-text{margin:0}@media (min-width: 576px){.wp-block-media-text.has-media-on-the-right .wp-block-media-text__content{padding:5% 6.5% 5% 0}}@media (max-width: 575px){.wp-block-media-text+.wp-block-media-text{margin-top:4rem}}@media (min-width: 576px){.wp-block-media-text .wp-block-media-text__content{padding:5% 0 5% 6.5%}}@media (max-width: 575px){.wp-block-media-text .wp-block-media-text__content{padding:0;margin-top:3rem}}.wp-block-media-text .wp-block-media-text__content h1,.wp-block-media-text .wp-block-media-text__content h2,.wp-block-media-text .wp-block-media-text__content h3,.wp-block-media-text .wp-block-media-text__content h4,.wp-block-media-text .wp-block-media-text__content h5,.wp-block-media-text .wp-block-media-text__content h6{letter-spacing:.1rem}.wp-block-media-text .wp-block-media-text__content p{line-height:1.875}@media (min-width: 768px){.wp-block-media-text .wp-block-media-text__content p{margin-bottom:3.8rem}}.wp-block-media-text .wp-block-media-text__media{height:100%}.wp-block-media-text .wp-block-media-text__media img{width:100%;height:100%;object-fit:cover}.wp-block-media-text .wp-block-button__link{min-width:21.9rem}.wp-block-media-text-bg{padding:8rem 0;margin:0}\n<\/style>\n<div class=\"wp-block-media-text alignwide is-stacked-on-mobile\"><figure class=\"wp-block-media-text__media\"><img loading=\"lazy\" width=\"887\" height=\"497\" src=\"https:\/\/vdocyclecomputer.com\/wp-content\/uploads\/2022\/11\/vdo-m30-spritzwasser.jpg\" alt=\"\" class=\"wp-image-582 size-full\" srcset=\"https:\/\/vdocyclecomputer.com\/wp-content\/uploads\/2022\/11\/vdo-m30-spritzwasser.jpg 887w, https:\/\/vdocyclecomputer.com\/wp-content\/uploads\/2022\/11\/vdo-m30-spritzwasser-300x168.jpg 300w, https:\/\/vdocyclecomputer.com\/wp-content\/uploads\/2022\/11\/vdo-m30-spritzwasser-768x430.jpg 768w, https:\/\/vdocyclecomputer.com\/wp-content\/uploads\/2022\/11\/vdo-m30-spritzwasser-650x365.jpg 650w, https:\/\/vdocyclecomputer.com\/wp-content\/uploads\/2022\/11\/vdo-m30-spritzwasser-262x147.jpg 262w, https:\/\/vdocyclecomputer.com\/wp-content\/uploads\/2022\/11\/vdo-m30-spritzwasser-603x338.jpg 603w, https:\/\/vdocyclecomputer.com\/wp-content\/uploads\/2022\/11\/vdo-m30-spritzwasser-600x336.jpg 600w\" sizes=\"(max-width: 887px) 100vw, 887px\" \/><\/figure><div class=\"wp-block-media-text__content\">\n<h2 class=\"has-color-4-color has-text-color\" id=\"block-df382288-9c6a-44ee-a399-4b4254d9db5c\">SPRITZWASSER<br>GESCH\u00dcTZT<\/h2>\n\n\n\n<p>Die ECO LIGHT M30 ist alles andere als wasserscheu. Sie ist nach internationalem IPX4-Standard gegen Spritzwasser gesch\u00fctzt und somit auch f\u00fcr Touren bei schlechten Witterungsverh\u00e4ltnissen geeignet.<\/p>\n<\/div><\/div>\n\n\n\n<div class=\"wp-block-media-text alignwide has-media-on-the-right is-stacked-on-mobile\"><figure class=\"wp-block-media-text__media\"><img loading=\"lazy\" width=\"883\" height=\"495\" src=\"https:\/\/vdocyclecomputer.com\/wp-content\/uploads\/2022\/11\/vdo-m30-werkzeugfreie-montage.jpg\" alt=\"\" class=\"wp-image-584 size-full\" srcset=\"https:\/\/vdocyclecomputer.com\/wp-content\/uploads\/2022\/11\/vdo-m30-werkzeugfreie-montage.jpg 883w, https:\/\/vdocyclecomputer.com\/wp-content\/uploads\/2022\/11\/vdo-m30-werkzeugfreie-montage-300x168.jpg 300w, https:\/\/vdocyclecomputer.com\/wp-content\/uploads\/2022\/11\/vdo-m30-werkzeugfreie-montage-768x431.jpg 768w, https:\/\/vdocyclecomputer.com\/wp-content\/uploads\/2022\/11\/vdo-m30-werkzeugfreie-montage-650x365.jpg 650w, https:\/\/vdocyclecomputer.com\/wp-content\/uploads\/2022\/11\/vdo-m30-werkzeugfreie-montage-262x147.jpg 262w, https:\/\/vdocyclecomputer.com\/wp-content\/uploads\/2022\/11\/vdo-m30-werkzeugfreie-montage-603x338.jpg 603w, https:\/\/vdocyclecomputer.com\/wp-content\/uploads\/2022\/11\/vdo-m30-werkzeugfreie-montage-600x336.jpg 600w\" sizes=\"(max-width: 883px) 100vw, 883px\" \/><\/figure><div class=\"wp-block-media-text__content\">\n<h2 class=\"has-color-4-color has-text-color\">Werkzeugfreie Montage<\/h2>\n\n\n\n<p>Die Silikon-Halterung ist im Ger\u00e4t integriert, wodurch die ECO LIGHT M30 werkzeugfrei am Lenker angebracht und wieder abgenommen werden kann.<\/p>\n<\/div><\/div>\n\n\n\n<div style=\"height:100px\" aria-hidden=\"true\" class=\"wp-block-spacer is-style-responsive-large\"><\/div>\n<\/div><\/div><\/section>\n\n\n\n<section class=\"wp-block-custom-container alignfull block-content\"><div class=\"container container--full\"><div class=\"container__body\">\n<section class=\"wp-block-custom-container alignwide block-content has-primary-background-color\"><div class=\"container container--wide\"><div class=\"container__body\">\n<div style=\"height:50px\" aria-hidden=\"true\" class=\"wp-block-spacer is-style-responsive-large\"><\/div>\n\n\n\n<h2 class=\"has-secondary-color has-text-color\">Auch erh\u00e4ltlich als Set<\/h2>\n\n\n\n<div style=\"height:100px\" aria-hidden=\"true\" class=\"wp-block-spacer is-style-responsive-small\"><\/div>\n\n\n\n<div class=\"wp-block-custom-columns columns-row row\">\n<div class=\"wp-block-custom-column col col-12 col-md-12 col-lg-4 col-xl-4\">\n<figure class=\"wp-block-image size-full\"><img loading=\"lazy\" width=\"559\" height=\"404\" src=\"https:\/\/vdocyclecomputer.com\/wp-content\/uploads\/2022\/11\/vdo-eco-light-m30-set-thumb-1.png\" alt=\"\" class=\"wp-image-580\" srcset=\"https:\/\/vdocyclecomputer.com\/wp-content\/uploads\/2022\/11\/vdo-eco-light-m30-set-thumb-1.png 559w, https:\/\/vdocyclecomputer.com\/wp-content\/uploads\/2022\/11\/vdo-eco-light-m30-set-thumb-1-300x217.png 300w, https:\/\/vdocyclecomputer.com\/wp-content\/uploads\/2022\/11\/vdo-eco-light-m30-set-thumb-1-262x189.png 262w, https:\/\/vdocyclecomputer.com\/wp-content\/uploads\/2022\/11\/vdo-eco-light-m30-set-thumb-1-468x338.png 468w\" sizes=\"(max-width: 559px) 100vw, 559px\" \/><\/figure>\n\n\n\n<div style=\"height:10px\" aria-hidden=\"true\" class=\"wp-block-spacer is-style-responsive-small\"><\/div>\n\n\n\n<h4 class=\"has-text-light-color has-text-color\">ECO LIGHT M30 Set<\/h4>\n\n\n\n<p class=\"has-text-light-color has-text-color\">inkl. R\u00fccklicht RED<\/p>\n\n\n\n<div style=\"height:20px\" aria-hidden=\"true\" class=\"wp-block-spacer is-style-responsive-small\"><\/div>\n<\/div>\n<\/div>\n\n\n\n<div style=\"height:100px\" aria-hidden=\"true\" class=\"wp-block-spacer is-style-responsive-medium\"><\/div>\n<\/div><\/div><\/section>\n<\/div><\/div><\/section>\n\n\n\n<p><\/p>\n","protected":false},"excerpt":{"rendered":"","protected":false},"featured_media":597,"comment_status":"closed","ping_status":"closed","template":"","meta":[],"product_cat":[6475],"product_tag":[],"_links":{"self":[{"href":"https:\/\/vdocyclecomputer.com\/de\/wp-json\/wp\/v2\/product\/952"}],"collection":[{"href":"https:\/\/vdocyclecomputer.com\/de\/wp-json\/wp\/v2\/product"}],"about":[{"href":"https:\/\/vdocyclecomputer.com\/de\/wp-json\/wp\/v2\/types\/product"}],"replies":[{"embeddable":true,"href":"https:\/\/vdocyclecomputer.com\/de\/wp-json\/wp\/v2\/comments?post=952"}],"wp:featuredmedia":[{"embeddable":true,"href":"https:\/\/vdocyclecomputer.com\/de\/wp-json\/wp\/v2\/media\/597"}],"wp:attachment":[{"href":"https:\/\/vdocyclecomputer.com\/de\/wp-json\/wp\/v2\/media?parent=952"}],"wp:term":[{"taxonomy":"product_cat","embeddable":true,"href":"https:\/\/vdocyclecomputer.com\/de\/wp-json\/wp\/v2\/product_cat?post=952"},{"taxonomy":"product_tag","embeddable":true,"href":"https:\/\/vdocyclecomputer.com\/de\/wp-json\/wp\/v2\/product_tag?post=952"}],"curies":[{"name":"wp","href":"https:\/\/api.w.org\/{rel}","templated":true}]}}