{"id":955,"date":"2022-11-02T13:06:41","date_gmt":"2022-11-02T13:06:41","guid":{"rendered":"https:\/\/vdocyclecomputer.com\/product\/m90\/"},"modified":"2024-08-13T07:07:22","modified_gmt":"2024-08-13T07:07:22","slug":"m90","status":"publish","type":"product","link":"https:\/\/vdocyclecomputer.com\/de\/product\/m90\/","title":{"rendered":"M90"},"content":{"rendered":"\n<section class=\"wp-block-custom-container alignwide block-content\"><style>.block-content--spacing-top{padding-top:3.5rem}@media (min-width: 768px){.block-content--spacing-top{padding-top:8rem}}.block-content--spacing-bottom{padding-bottom:3.5rem}@media (min-width: 768px){.block-content--spacing-bottom{padding-bottom:8rem}}.block-content--margin-top{margin-top:4.8rem}@media (min-width: 768px){.block-content--margin-top{margin-top:8rem}}.block-content--margin-bottom{margin-bottom:4.8rem}@media (min-width: 768px){.block-content--margin-bottom{margin-bottom:8rem}}\n<\/style><div class=\"container container--wide\"><div class=\"container__body\"><style>.wp-block-spacer.is-style-responsive-large{height:10rem !important}@media (max-width: 991px){.wp-block-spacer.is-style-responsive-large{height:5rem !important}}@media (max-width: 767px){.wp-block-spacer.is-style-responsive-large{height:3rem !important}}.wp-block-spacer.is-style-responsive-medium{height:6rem !important}@media (max-width: 991px){.wp-block-spacer.is-style-responsive-medium{height:4rem !important}}@media (max-width: 767px){.wp-block-spacer.is-style-responsive-medium{height:2rem !important}}.wp-block-spacer.is-style-responsive-small{height:3rem !important}@media (max-width: 991px){.wp-block-spacer.is-style-responsive-small{height:2rem !important}}@media (max-width: 767px){.wp-block-spacer.is-style-responsive-small{height:1rem !important}}\n<\/style>\n<div style=\"height:50px\" aria-hidden=\"true\" class=\"wp-block-spacer is-style-responsive-large\"><\/div>\n\n\n\n<div class=\"wp-block-custom-columns columns-row row\"><style>.columns-row--spacing-top{padding-top:3.5rem}@media (min-width: 768px){.columns-row--spacing-top{padding-top:8rem}}.columns-row--spacing-bottom{padding-bottom:3.5rem}@media (min-width: 768px){.columns-row--spacing-bottom{padding-bottom:8rem}}.columns-row--margin-top{margin-top:4.8rem}@media (min-width: 768px){.columns-row--margin-top{margin-top:8rem}}.columns-row--margin-bottom{margin-bottom:4.8rem}@media (min-width: 768px){.columns-row--margin-bottom{margin-bottom:8rem}}\n<\/style>\n<div class=\"wp-block-custom-column col col-12\"><style>.wp-block-image{margin-bottom:0}@media screen and (min-width: 993px){body:not(.wp-admin) .wp-block-image.editorskit-no-desktop{display:none}}@media screen and (min-width: 600px) and (max-width: 992px){body:not(.wp-admin) .wp-block-image.editorskit-no-tablet{display:none}}@media screen and (max-width: 599px){body:not(.wp-admin) .wp-block-image.editorskit-no-mobile{display:none}}@media screen and (max-width: 768px) and (min-width: 737px){body:not(.wp-admin) .blockopts-hide.blockopts-tablet,body:not(.wp-admin) .editorskit-no-tablet{display:inherit}}@media screen and (max-width: 736px){body:not(.wp-admin) .blockopts-hide.blockopts-mobile,body:not(.wp-admin) .editorskit-no-mobile{display:inherit}}@media screen and (min-width: 769px){body:not(.wp-admin) .blockopts-hide.blockopts-desktop,body:not(.wp-admin) .editorskit-no-desktop{display:inherit}}\n<\/style>\n<div class=\"wp-block-image\"><figure class=\"aligncenter size-full is-resized\"><img loading=\"lazy\" src=\"https:\/\/vdocyclecomputer.com\/wp-content\/uploads\/2022\/10\/vdo-stvzo-icon.jpg\" alt=\"\" class=\"wp-image-450\" width=\"351\" height=\"132\" srcset=\"https:\/\/vdocyclecomputer.com\/wp-content\/uploads\/2022\/10\/vdo-stvzo-icon.jpg 468w, https:\/\/vdocyclecomputer.com\/wp-content\/uploads\/2022\/10\/vdo-stvzo-icon-300x113.jpg 300w, https:\/\/vdocyclecomputer.com\/wp-content\/uploads\/2022\/10\/vdo-stvzo-icon-262x99.jpg 262w\" sizes=\"(max-width: 351px) 100vw, 351px\" \/><\/figure><\/div>\n<\/div>\n<\/div>\n\n\n\n<div style=\"height:50px\" aria-hidden=\"true\" class=\"wp-block-spacer is-style-responsive-large\"><\/div>\n<\/div><\/div><\/section>\n\n\n\n<section class=\"wp-block-custom-container alignfull block-content\"><div class=\"container container--full\"><div class=\"container__body\">\n<section class=\"wp-block-custom-container alignfull block-content\"><div class=\"container container--full\"><div class=\"container__body\">\n<div class=\"wp-block-cover alignfull has-background-dim-60 has-color-12-background-color has-background-dim\"><img loading=\"lazy\" width=\"1920\" height=\"640\" class=\"wp-block-cover__image-background wp-image-376\" alt=\"\" src=\"https:\/\/vdocyclecomputer.com\/wp-content\/uploads\/2022\/10\/vdo-r-serie-holz-hintergrund-1.jpg\" data-object-fit=\"cover\" srcset=\"https:\/\/vdocyclecomputer.com\/wp-content\/uploads\/2022\/10\/vdo-r-serie-holz-hintergrund-1.jpg 1920w, https:\/\/vdocyclecomputer.com\/wp-content\/uploads\/2022\/10\/vdo-r-serie-holz-hintergrund-1-300x100.jpg 300w, https:\/\/vdocyclecomputer.com\/wp-content\/uploads\/2022\/10\/vdo-r-serie-holz-hintergrund-1-1024x341.jpg 1024w, https:\/\/vdocyclecomputer.com\/wp-content\/uploads\/2022\/10\/vdo-r-serie-holz-hintergrund-1-768x256.jpg 768w, https:\/\/vdocyclecomputer.com\/wp-content\/uploads\/2022\/10\/vdo-r-serie-holz-hintergrund-1-1536x512.jpg 1536w, https:\/\/vdocyclecomputer.com\/wp-content\/uploads\/2022\/10\/vdo-r-serie-holz-hintergrund-1-262x87.jpg 262w, https:\/\/vdocyclecomputer.com\/wp-content\/uploads\/2022\/10\/vdo-r-serie-holz-hintergrund-1-1014x338.jpg 1014w, https:\/\/vdocyclecomputer.com\/wp-content\/uploads\/2022\/10\/vdo-r-serie-holz-hintergrund-1-600x200.jpg 600w\" sizes=\"(max-width: 1920px) 100vw, 1920px\" \/><div class=\"wp-block-cover__inner-container\">\n<section class=\"wp-block-custom-container alignwide block-content\"><div class=\"container container--wide\"><div class=\"container__body\">\n<div class=\"wp-block-custom-columns columns-row row\">\n<div class=\"wp-block-custom-column col col-12 col-xl-12 offset-xl-0\">\n<div style=\"height:30px\" aria-hidden=\"true\" class=\"wp-block-spacer is-style-responsive-medium\"><\/div>\n\n\n\n<h2 class=\"has-text-align-center has-secondary-color has-text-color\">Vielseitiger EINSATZ<\/h2>\n\n\n\n<div style=\"height:10px\" aria-hidden=\"true\" class=\"wp-block-spacer is-style-responsive-small\"><\/div>\n\n\n\n<div class=\"wp-block-image\"><figure class=\"aligncenter size-large\"><img loading=\"lazy\" width=\"1024\" height=\"289\" src=\"https:\/\/vdocyclecomputer.com\/wp-content\/uploads\/2022\/11\/vdo-m90-vielseiter-einsatz-tabelle-de-1024x289.png\" alt=\"\" class=\"wp-image-999\" srcset=\"https:\/\/vdocyclecomputer.com\/wp-content\/uploads\/2022\/11\/vdo-m90-vielseiter-einsatz-tabelle-de-1024x289.png 1024w, https:\/\/vdocyclecomputer.com\/wp-content\/uploads\/2022\/11\/vdo-m90-vielseiter-einsatz-tabelle-de-300x85.png 300w, https:\/\/vdocyclecomputer.com\/wp-content\/uploads\/2022\/11\/vdo-m90-vielseiter-einsatz-tabelle-de-768x217.png 768w, https:\/\/vdocyclecomputer.com\/wp-content\/uploads\/2022\/11\/vdo-m90-vielseiter-einsatz-tabelle-de-262x74.png 262w, https:\/\/vdocyclecomputer.com\/wp-content\/uploads\/2022\/11\/vdo-m90-vielseiter-einsatz-tabelle-de-1197x338.png 1197w, https:\/\/vdocyclecomputer.com\/wp-content\/uploads\/2022\/11\/vdo-m90-vielseiter-einsatz-tabelle-de-600x169.png 600w, https:\/\/vdocyclecomputer.com\/wp-content\/uploads\/2022\/11\/vdo-m90-vielseiter-einsatz-tabelle-de.png 1417w\" sizes=\"(max-width: 1024px) 100vw, 1024px\" \/><\/figure><\/div>\n\n\n\n<div style=\"height:30px\" aria-hidden=\"true\" class=\"wp-block-spacer is-style-responsive-medium\"><\/div>\n<\/div>\n<\/div>\n<\/div><\/div><\/section>\n<\/div><\/div>\n<\/div><\/div><\/section>\n<\/div><\/div><\/section>\n\n\n\n<section class=\"wp-block-custom-container alignwide block-content\"><div class=\"container container--wide\"><div class=\"container__body\">\n<div style=\"height:50px\" aria-hidden=\"true\" class=\"wp-block-spacer is-style-responsive-large\"><\/div>\n\n\n\n<div class=\"wp-block-custom-columns columns-row row\">\n<div class=\"wp-block-custom-column col col-12 col-md-12 col-lg-6 col-xl-6 pd-r-0\">\n<div class=\"wp-block-image\"><figure class=\"aligncenter size-full\"><img loading=\"lazy\" width=\"897\" height=\"640\" src=\"https:\/\/vdocyclecomputer.com\/wp-content\/uploads\/2022\/11\/vdo-m90-mehrstufige-indikatoren.jpg\" alt=\"\" class=\"wp-image-571\" srcset=\"https:\/\/vdocyclecomputer.com\/wp-content\/uploads\/2022\/11\/vdo-m90-mehrstufige-indikatoren.jpg 897w, https:\/\/vdocyclecomputer.com\/wp-content\/uploads\/2022\/11\/vdo-m90-mehrstufige-indikatoren-300x214.jpg 300w, https:\/\/vdocyclecomputer.com\/wp-content\/uploads\/2022\/11\/vdo-m90-mehrstufige-indikatoren-768x548.jpg 768w, https:\/\/vdocyclecomputer.com\/wp-content\/uploads\/2022\/11\/vdo-m90-mehrstufige-indikatoren-380x271.jpg 380w, https:\/\/vdocyclecomputer.com\/wp-content\/uploads\/2022\/11\/vdo-m90-mehrstufige-indikatoren-718x512.jpg 718w, https:\/\/vdocyclecomputer.com\/wp-content\/uploads\/2022\/11\/vdo-m90-mehrstufige-indikatoren-262x187.jpg 262w, https:\/\/vdocyclecomputer.com\/wp-content\/uploads\/2022\/11\/vdo-m90-mehrstufige-indikatoren-474x338.jpg 474w, https:\/\/vdocyclecomputer.com\/wp-content\/uploads\/2022\/11\/vdo-m90-mehrstufige-indikatoren-600x428.jpg 600w\" sizes=\"(max-width: 897px) 100vw, 897px\" \/><\/figure><\/div>\n<\/div>\n\n\n\n<div class=\"wp-block-custom-column col col-12 col-md-12 col-lg-6 col-xl-6\">\n<div style=\"height:25px\" aria-hidden=\"true\" class=\"wp-block-spacer is-style-responsive-medium\"><\/div>\n\n\n\n<h2 class=\"has-color-4-color has-text-color\">MEHRSTUFIGE INDIKATOREN<\/h2>\n\n\n\n<p>Die ECO LIGHT M90 verf\u00fcgt \u00fcber mehrstufige Indikatoren f\u00fcr Leuchtst\u00e4rke und Akkukapazit\u00e4t. Gelbe LEDs auf der Oberseite zeigen dir den aktuell gew\u00e4hlten Leuchtmodus an. Die gr\u00fcnen LEDs informieren dich genau \u00fcber den verbleibenden Ladezustand deines StVZO-Fahrradlichts. Bei Unterschreiten einer Restkapazit\u00e4t von circa 10 Prozent schaltet die M90 automatisch in den Eco-Modus, damit du bei deiner Radtour nicht im Dunkeln stehst. Wenn es einmal schnell gehen muss, kannst du die Frontleuchte auch w\u00e4hrend des Betriebs aufladen.<\/p>\n\n\n\n<div style=\"height:10px\" aria-hidden=\"true\" class=\"wp-block-spacer is-style-responsive-small\"><\/div>\n<\/div>\n<\/div>\n\n\n\n<div style=\"height:50px\" aria-hidden=\"true\" class=\"wp-block-spacer is-style-responsive-large\"><\/div>\n<\/div><\/div><\/section>\n\n\n\n<section class=\"wp-block-custom-container alignfull block-content has-color-2-background-color\"><div class=\"container container--full\"><div class=\"container__body\">\n<section class=\"wp-block-custom-container alignwide block-content\"><div class=\"container container--wide\"><div class=\"container__body\">\n<div style=\"height:50px\" aria-hidden=\"true\" class=\"wp-block-spacer\"><\/div>\n\n\n\n<figure class=\"wp-block-image alignwide size-full sigma-img-cover-h300-mobil sigma-img-cover-pos50-mobil\"><img loading=\"lazy\" width=\"1770\" height=\"1033\" src=\"https:\/\/vdocyclecomputer.com\/wp-content\/uploads\/2022\/11\/vdo-m90-leuchtvergleich.jpg\" alt=\"\" class=\"wp-image-569\" srcset=\"https:\/\/vdocyclecomputer.com\/wp-content\/uploads\/2022\/11\/vdo-m90-leuchtvergleich.jpg 1770w, https:\/\/vdocyclecomputer.com\/wp-content\/uploads\/2022\/11\/vdo-m90-leuchtvergleich-300x175.jpg 300w, https:\/\/vdocyclecomputer.com\/wp-content\/uploads\/2022\/11\/vdo-m90-leuchtvergleich-1024x598.jpg 1024w, https:\/\/vdocyclecomputer.com\/wp-content\/uploads\/2022\/11\/vdo-m90-leuchtvergleich-768x448.jpg 768w, https:\/\/vdocyclecomputer.com\/wp-content\/uploads\/2022\/11\/vdo-m90-leuchtvergleich-1536x896.jpg 1536w, https:\/\/vdocyclecomputer.com\/wp-content\/uploads\/2022\/11\/vdo-m90-leuchtvergleich-877x512.jpg 877w, https:\/\/vdocyclecomputer.com\/wp-content\/uploads\/2022\/11\/vdo-m90-leuchtvergleich-1371x800.jpg 1371w, https:\/\/vdocyclecomputer.com\/wp-content\/uploads\/2022\/11\/vdo-m90-leuchtvergleich-262x153.jpg 262w, https:\/\/vdocyclecomputer.com\/wp-content\/uploads\/2022\/11\/vdo-m90-leuchtvergleich-579x338.jpg 579w, https:\/\/vdocyclecomputer.com\/wp-content\/uploads\/2022\/11\/vdo-m90-leuchtvergleich-600x350.jpg 600w\" sizes=\"(max-width: 1770px) 100vw, 1770px\" \/><\/figure>\n<\/div><\/div><\/section>\n\n\n\n<div style=\"height:50px\" aria-hidden=\"true\" class=\"wp-block-spacer is-style-responsive-large\"><\/div>\n<\/div><\/div><\/section>\n\n\n\n<section class=\"wp-block-custom-container alignfull block-content\"><div class=\"container container--full\"><div class=\"container__body\"><\/div><\/div><\/section>\n\n\n\n<section class=\"wp-block-custom-container alignwide block-content\"><div class=\"container container--wide\"><div class=\"container__body\">\n<div style=\"height:50px\" aria-hidden=\"true\" class=\"wp-block-spacer is-style-responsive-large\"><\/div>\n\n\n\n<div class=\"wp-block-custom-columns columns-row row\">\n<div class=\"wp-block-custom-column col col-12 col-md-12 col-lg-6 col-xl-6\">\n<div style=\"height:25px\" aria-hidden=\"true\" class=\"wp-block-spacer is-style-responsive-medium\"><\/div>\n\n\n\n<h2 class=\"has-color-4-color has-text-color\">USB-LADEF\u00c4HIGKEIT<\/h2>\n\n\n\n<p>Die ECO LIGHT M90 ist mit einem integrierten Lithium-Ionen-Akku ausgestattet, der per mitgelieferten Micro-USB-Kabel innerhalb von 5,5 h vollst\u00e4ndig geladen wird. Daf\u00fcr verbindet man das Kabel mit der Micro-USB-Buchse sowie einem PC oder Ladeger\u00e4t (nicht inklusive).<\/p>\n\n\n\n<div style=\"height:10px\" aria-hidden=\"true\" class=\"wp-block-spacer is-style-responsive-small\"><\/div>\n<\/div>\n\n\n\n<div class=\"wp-block-custom-column col col-12 col-md-12 col-lg-6 col-xl-6 pd-r-0\">\n<figure class=\"wp-block-image size-full\"><img loading=\"lazy\" width=\"883\" height=\"495\" src=\"https:\/\/vdocyclecomputer.com\/wp-content\/uploads\/2022\/11\/vdo-m90-aufladen.jpg\" alt=\"\" class=\"wp-image-567\" srcset=\"https:\/\/vdocyclecomputer.com\/wp-content\/uploads\/2022\/11\/vdo-m90-aufladen.jpg 883w, https:\/\/vdocyclecomputer.com\/wp-content\/uploads\/2022\/11\/vdo-m90-aufladen-300x168.jpg 300w, https:\/\/vdocyclecomputer.com\/wp-content\/uploads\/2022\/11\/vdo-m90-aufladen-768x431.jpg 768w, https:\/\/vdocyclecomputer.com\/wp-content\/uploads\/2022\/11\/vdo-m90-aufladen-650x365.jpg 650w, https:\/\/vdocyclecomputer.com\/wp-content\/uploads\/2022\/11\/vdo-m90-aufladen-262x147.jpg 262w, https:\/\/vdocyclecomputer.com\/wp-content\/uploads\/2022\/11\/vdo-m90-aufladen-603x338.jpg 603w, https:\/\/vdocyclecomputer.com\/wp-content\/uploads\/2022\/11\/vdo-m90-aufladen-600x336.jpg 600w\" sizes=\"(max-width: 883px) 100vw, 883px\" \/><\/figure>\n<\/div>\n<\/div>\n\n\n\n<div style=\"height:50px\" aria-hidden=\"true\" class=\"wp-block-spacer is-style-responsive-large\"><\/div>\n<\/div><\/div><\/section>\n\n\n\n<section class=\"wp-block-custom-container alignfull block-content\"><div class=\"container container--full\"><div class=\"container__body\"><\/div><\/div><\/section>\n\n\n\n<section class=\"wp-block-custom-container alignfull block-content\"><div class=\"container container--full\"><div class=\"container__body\">\n<section class=\"wp-block-custom-container alignfull block-content\"><div class=\"container container--full\"><div class=\"container__body\">\n<div class=\"wp-block-cover alignfull has-color-12-background-color\"><img loading=\"lazy\" width=\"1920\" height=\"596\" class=\"wp-block-cover__image-background wp-image-565\" alt=\"\" src=\"https:\/\/vdocyclecomputer.com\/wp-content\/uploads\/2022\/11\/vdo-m90-seitliche-sichtbarkeit.jpg\" data-object-fit=\"cover\" srcset=\"https:\/\/vdocyclecomputer.com\/wp-content\/uploads\/2022\/11\/vdo-m90-seitliche-sichtbarkeit.jpg 1920w, https:\/\/vdocyclecomputer.com\/wp-content\/uploads\/2022\/11\/vdo-m90-seitliche-sichtbarkeit-300x93.jpg 300w, https:\/\/vdocyclecomputer.com\/wp-content\/uploads\/2022\/11\/vdo-m90-seitliche-sichtbarkeit-1024x318.jpg 1024w, https:\/\/vdocyclecomputer.com\/wp-content\/uploads\/2022\/11\/vdo-m90-seitliche-sichtbarkeit-768x238.jpg 768w, https:\/\/vdocyclecomputer.com\/wp-content\/uploads\/2022\/11\/vdo-m90-seitliche-sichtbarkeit-1536x477.jpg 1536w, https:\/\/vdocyclecomputer.com\/wp-content\/uploads\/2022\/11\/vdo-m90-seitliche-sichtbarkeit-1649x512.jpg 1649w, https:\/\/vdocyclecomputer.com\/wp-content\/uploads\/2022\/11\/vdo-m90-seitliche-sichtbarkeit-262x81.jpg 262w, https:\/\/vdocyclecomputer.com\/wp-content\/uploads\/2022\/11\/vdo-m90-seitliche-sichtbarkeit-1089x338.jpg 1089w, https:\/\/vdocyclecomputer.com\/wp-content\/uploads\/2022\/11\/vdo-m90-seitliche-sichtbarkeit-600x186.jpg 600w\" sizes=\"(max-width: 1920px) 100vw, 1920px\" \/><div class=\"wp-block-cover__inner-container\">\n<section class=\"wp-block-custom-container alignwide block-content\"><div class=\"container container--wide\"><div class=\"container__body\">\n<div class=\"wp-block-custom-columns columns-row row\">\n<div class=\"wp-block-custom-column col col-12 col-xl-5 offset-xl-0\">\n<div style=\"height:30px\" aria-hidden=\"true\" class=\"wp-block-spacer is-style-responsive-medium\"><\/div>\n\n\n\n<h2 class=\"has-secondary-color has-text-color\">Seitliche Sichtbarkeit<\/h2>\n\n\n\n<p>Die ECO LIGHT M90 ist so gestaltet, dass sie f\u00fcr sehr gute Sichtbarkeit im Stra\u00dfenverkehr sorgt.<\/p>\n\n\n\n<div style=\"height:30px\" aria-hidden=\"true\" class=\"wp-block-spacer is-style-responsive-medium\"><\/div>\n<\/div>\n<\/div>\n<\/div><\/div><\/section>\n<\/div><\/div>\n<\/div><\/div><\/section>\n<\/div><\/div><\/section>\n\n\n\n<section class=\"wp-block-custom-container alignwide block-content\"><div class=\"container container--wide\"><div class=\"container__body\">\n<div style=\"height:100px\" aria-hidden=\"true\" class=\"wp-block-spacer is-style-responsive-large\"><\/div>\n\n\n<style>.wp-block-media-text{margin:0}@media (min-width: 576px){.wp-block-media-text.has-media-on-the-right .wp-block-media-text__content{padding:5% 6.5% 5% 0}}@media (max-width: 575px){.wp-block-media-text+.wp-block-media-text{margin-top:4rem}}@media (min-width: 576px){.wp-block-media-text .wp-block-media-text__content{padding:5% 0 5% 6.5%}}@media (max-width: 575px){.wp-block-media-text .wp-block-media-text__content{padding:0;margin-top:3rem}}.wp-block-media-text .wp-block-media-text__content h1,.wp-block-media-text .wp-block-media-text__content h2,.wp-block-media-text .wp-block-media-text__content h3,.wp-block-media-text .wp-block-media-text__content h4,.wp-block-media-text .wp-block-media-text__content h5,.wp-block-media-text .wp-block-media-text__content h6{letter-spacing:.1rem}.wp-block-media-text .wp-block-media-text__content p{line-height:1.875}@media (min-width: 768px){.wp-block-media-text .wp-block-media-text__content p{margin-bottom:3.8rem}}.wp-block-media-text .wp-block-media-text__media{height:100%}.wp-block-media-text .wp-block-media-text__media img{width:100%;height:100%;object-fit:cover}.wp-block-media-text .wp-block-button__link{min-width:21.9rem}.wp-block-media-text-bg{padding:8rem 0;margin:0}\n<\/style>\n<div class=\"wp-block-media-text alignwide is-stacked-on-mobile\"><figure class=\"wp-block-media-text__media\"><img loading=\"lazy\" width=\"887\" height=\"497\" src=\"https:\/\/vdocyclecomputer.com\/wp-content\/uploads\/2022\/11\/vdo-m90-spritzwasser.jpg\" alt=\"\" class=\"wp-image-563 size-full\" srcset=\"https:\/\/vdocyclecomputer.com\/wp-content\/uploads\/2022\/11\/vdo-m90-spritzwasser.jpg 887w, https:\/\/vdocyclecomputer.com\/wp-content\/uploads\/2022\/11\/vdo-m90-spritzwasser-300x168.jpg 300w, https:\/\/vdocyclecomputer.com\/wp-content\/uploads\/2022\/11\/vdo-m90-spritzwasser-768x430.jpg 768w, https:\/\/vdocyclecomputer.com\/wp-content\/uploads\/2022\/11\/vdo-m90-spritzwasser-650x365.jpg 650w, https:\/\/vdocyclecomputer.com\/wp-content\/uploads\/2022\/11\/vdo-m90-spritzwasser-262x147.jpg 262w, https:\/\/vdocyclecomputer.com\/wp-content\/uploads\/2022\/11\/vdo-m90-spritzwasser-603x338.jpg 603w, https:\/\/vdocyclecomputer.com\/wp-content\/uploads\/2022\/11\/vdo-m90-spritzwasser-600x336.jpg 600w\" sizes=\"(max-width: 887px) 100vw, 887px\" \/><\/figure><div class=\"wp-block-media-text__content\">\n<h2 class=\"has-color-4-color has-text-color\" id=\"block-df382288-9c6a-44ee-a399-4b4254d9db5c\">SPRITZWASSER<br>GESCH\u00dcTZT<\/h2>\n\n\n\n<p>Die ECO LIGHT M90 ist alles andere als wasserscheu. Sie ist nach internationalem IPX4-Standard gegen Spritzwasser gesch\u00fctzt und somit auch f\u00fcr Touren bei schlechten Witterungsverh\u00e4ltnissen geeignet.<\/p>\n<\/div><\/div>\n\n\n\n<div class=\"wp-block-media-text alignwide has-media-on-the-right is-stacked-on-mobile\"><figure class=\"wp-block-media-text__media\"><img loading=\"lazy\" width=\"883\" height=\"495\" src=\"https:\/\/vdocyclecomputer.com\/wp-content\/uploads\/2022\/11\/vdo-m90-werkzeugfreie-montage.jpg\" alt=\"\" class=\"wp-image-561 size-full\" srcset=\"https:\/\/vdocyclecomputer.com\/wp-content\/uploads\/2022\/11\/vdo-m90-werkzeugfreie-montage.jpg 883w, https:\/\/vdocyclecomputer.com\/wp-content\/uploads\/2022\/11\/vdo-m90-werkzeugfreie-montage-300x168.jpg 300w, https:\/\/vdocyclecomputer.com\/wp-content\/uploads\/2022\/11\/vdo-m90-werkzeugfreie-montage-768x431.jpg 768w, https:\/\/vdocyclecomputer.com\/wp-content\/uploads\/2022\/11\/vdo-m90-werkzeugfreie-montage-650x365.jpg 650w, https:\/\/vdocyclecomputer.com\/wp-content\/uploads\/2022\/11\/vdo-m90-werkzeugfreie-montage-262x147.jpg 262w, https:\/\/vdocyclecomputer.com\/wp-content\/uploads\/2022\/11\/vdo-m90-werkzeugfreie-montage-603x338.jpg 603w, https:\/\/vdocyclecomputer.com\/wp-content\/uploads\/2022\/11\/vdo-m90-werkzeugfreie-montage-600x336.jpg 600w\" sizes=\"(max-width: 883px) 100vw, 883px\" \/><\/figure><div class=\"wp-block-media-text__content\">\n<h2 class=\"has-color-4-color has-text-color\">Werkzeugfreie Montage<\/h2>\n\n\n\n<p>Die Silikon-Halterung ist im Ger\u00e4t integriert, wodurch die ECO LIGHT M90 werkzeugfrei am Lenker angebracht und wieder abgenommen werden kann.<\/p>\n<\/div><\/div>\n\n\n\n<div style=\"height:100px\" aria-hidden=\"true\" class=\"wp-block-spacer is-style-responsive-large\"><\/div>\n<\/div><\/div><\/section>\n\n\n\n<section class=\"wp-block-custom-container alignfull block-content\"><div class=\"container container--full\"><div class=\"container__body\">\n<section class=\"wp-block-custom-container alignwide block-content has-primary-background-color\"><div class=\"container container--wide\"><div class=\"container__body\">\n<div style=\"height:50px\" aria-hidden=\"true\" class=\"wp-block-spacer is-style-responsive-large\"><\/div>\n\n\n\n<h2 class=\"has-secondary-color has-text-color\">Auch erh\u00e4ltlich als Set<\/h2>\n\n\n\n<div style=\"height:100px\" aria-hidden=\"true\" class=\"wp-block-spacer is-style-responsive-small\"><\/div>\n\n\n\n<div class=\"wp-block-custom-columns columns-row row\">\n<div class=\"wp-block-custom-column col col-12 col-md-12 col-lg-4 col-xl-4\">\n<figure class=\"wp-block-image size-full\"><img loading=\"lazy\" width=\"604\" height=\"454\" src=\"https:\/\/vdocyclecomputer.com\/wp-content\/uploads\/2022\/11\/vdo-eco-light-m90-set-thumb.png\" alt=\"\" class=\"wp-image-559\" srcset=\"https:\/\/vdocyclecomputer.com\/wp-content\/uploads\/2022\/11\/vdo-eco-light-m90-set-thumb.png 604w, https:\/\/vdocyclecomputer.com\/wp-content\/uploads\/2022\/11\/vdo-eco-light-m90-set-thumb-300x225.png 300w, https:\/\/vdocyclecomputer.com\/wp-content\/uploads\/2022\/11\/vdo-eco-light-m90-set-thumb-262x197.png 262w, https:\/\/vdocyclecomputer.com\/wp-content\/uploads\/2022\/11\/vdo-eco-light-m90-set-thumb-450x338.png 450w, https:\/\/vdocyclecomputer.com\/wp-content\/uploads\/2022\/11\/vdo-eco-light-m90-set-thumb-600x451.png 600w\" sizes=\"(max-width: 604px) 100vw, 604px\" \/><\/figure>\n\n\n\n<div style=\"height:10px\" aria-hidden=\"true\" class=\"wp-block-spacer is-style-responsive-small\"><\/div>\n\n\n\n<h4 class=\"has-text-light-color has-text-color\">ECO LIGHT M90 Set<\/h4>\n\n\n\n<p class=\"has-text-light-color has-text-color\">inkl. R\u00fccklicht RED PLUS<\/p>\n\n\n\n<div style=\"height:20px\" aria-hidden=\"true\" class=\"wp-block-spacer is-style-responsive-small\"><\/div>\n<\/div>\n<\/div>\n\n\n\n<div style=\"height:100px\" aria-hidden=\"true\" class=\"wp-block-spacer is-style-responsive-medium\"><\/div>\n<\/div><\/div><\/section>\n<\/div><\/div><\/section>\n\n\n\n<p><\/p>\n","protected":false},"excerpt":{"rendered":"","protected":false},"featured_media":576,"comment_status":"closed","ping_status":"closed","template":"","meta":[],"product_cat":[6475],"product_tag":[],"_links":{"self":[{"href":"https:\/\/vdocyclecomputer.com\/de\/wp-json\/wp\/v2\/product\/955"}],"collection":[{"href":"https:\/\/vdocyclecomputer.com\/de\/wp-json\/wp\/v2\/product"}],"about":[{"href":"https:\/\/vdocyclecomputer.com\/de\/wp-json\/wp\/v2\/types\/product"}],"replies":[{"embeddable":true,"href":"https:\/\/vdocyclecomputer.com\/de\/wp-json\/wp\/v2\/comments?post=955"}],"wp:featuredmedia":[{"embeddable":true,"href":"https:\/\/vdocyclecomputer.com\/de\/wp-json\/wp\/v2\/media\/576"}],"wp:attachment":[{"href":"https:\/\/vdocyclecomputer.com\/de\/wp-json\/wp\/v2\/media?parent=955"}],"wp:term":[{"taxonomy":"product_cat","embeddable":true,"href":"https:\/\/vdocyclecomputer.com\/de\/wp-json\/wp\/v2\/product_cat?post=955"},{"taxonomy":"product_tag","embeddable":true,"href":"https:\/\/vdocyclecomputer.com\/de\/wp-json\/wp\/v2\/product_tag?post=955"}],"curies":[{"name":"wp","href":"https:\/\/api.w.org\/{rel}","templated":true}]}}